{"id":7942,"date":"2024-09-04T23:56:36","date_gmt":"2024-09-04T23:56:36","guid":{"rendered":"https:\/\/wolkehost.com\/floreriaisis\/?post_type=product&#038;p=7942"},"modified":"2024-12-13T03:05:28","modified_gmt":"2024-12-13T03:05:28","slug":"100-rosas-pastel","status":"publish","type":"product","link":"https:\/\/wolkehost.com\/floreriaisis\/product\/100-rosas-pastel\/","title":{"rendered":"100 rosas- pastel"},"content":{"rendered":"<p><img data-recalc-dims=\"1\" fetchpriority=\"high\" decoding=\"async\" class=\"alignleft size-medium wp-image-2501\" src=\"https:\/\/i0.wp.com\/floreriaisis.com\/wp-content\/uploads\/2023\/01\/png_20230124_165141_0000-300x300.png?resize=300%2C300&#038;ssl=1\" alt=\"\" width=\"300\" height=\"300\" \/><\/p>\n<p style=\"text-align: center\">Ramo en tallo elaborado con<\/p>\n<p style=\"text-align: center\">-25 rosa hermosa<\/p>\n<p style=\"text-align: center\">-25 rosa caricia<\/p>\n<p style=\"text-align: center\">-25 rosa lila<\/p>\n<p style=\"text-align: center\">-25 rosa kiska o blanca<\/p>\n<p style=\"text-align: center\">envuelto en papel, mo\u00f1o sat\u00edn.<\/p>\n<p style=\"text-align: center\">(envoltura disponible en color: rosa, fucsia, lila, caf\u00e9, negro)<\/p>\n","protected":false},"excerpt":{"rendered":"<p>Ramo en tallo elaborado con -25 rosa hermosa -25 rosa caricia -25 rosa lila -25 rosa kiska o blanca envuelto en papel, mo\u00f1o sat\u00edn. (envoltura disponible en color: rosa, fucsia, lila, caf\u00e9, negro)<\/p>\n","protected":false},"featured_media":7999,"comment_status":"open","ping_status":"closed","template":"","meta":{"om_disable_all_campaigns":false},"product_brand":[],"product_cat":[186,187,157,188,189,190,242,155,230],"product_tag":[193,194,195,196,197,198,199,202,261,203,232,241,239,204,262],"class_list":{"0":"post-7942","1":"product","2":"type-product","3":"status-publish","4":"has-post-thumbnail","6":"product_cat-aniversario-ocasiones","7":"product_cat-bienvenida-ocasiones","8":"product_cat-bouquet-floral","9":"product_cat-cumpleanos-ocasiones","10":"product_cat-graduacion-ocasiones","11":"product_cat-para-mama-ocasiones","12":"product_cat-ramos-buchones-san-valentin-ocasiones","13":"product_cat-rosas","14":"product_cat-san-valentin-ocasiones","15":"product_tag-cumpleanos","16":"product_tag-da-flores","17":"product_tag-detalle","18":"product_tag-envia-flores","19":"product_tag-envio-a-domicilio-en-tijuana","20":"product_tag-floreria-isis-envia-flores-en-tijuana","21":"product_tag-floreriaisistijuana","22":"product_tag-florerias-en-tijuana","23":"product_tag-flores-en-tendencia-tijuana","24":"product_tag-flores-para-mama","25":"product_tag-flores-para-san-valentin-tijuana","26":"product_tag-ramos-buchones-en-tijuana","27":"product_tag-ramos-de-flores-tijuana","28":"product_tag-regala-flores-tijuana","29":"product_tag-viral","30":"product_shipping_class-tijuana","32":"first","33":"instock","34":"shipping-taxable","35":"purchasable","36":"product-type-simple"},"jetpack_sharing_enabled":true,"_links":{"self":[{"href":"https:\/\/wolkehost.com\/floreriaisis\/wp-json\/wp\/v2\/product\/7942","targetHints":{"allow":["GET"]}}],"collection":[{"href":"https:\/\/wolkehost.com\/floreriaisis\/wp-json\/wp\/v2\/product"}],"about":[{"href":"https:\/\/wolkehost.com\/floreriaisis\/wp-json\/wp\/v2\/types\/product"}],"replies":[{"embeddable":true,"href":"https:\/\/wolkehost.com\/floreriaisis\/wp-json\/wp\/v2\/comments?post=7942"}],"wp:featuredmedia":[{"embeddable":true,"href":"https:\/\/wolkehost.com\/floreriaisis\/wp-json\/wp\/v2\/media\/7999"}],"wp:attachment":[{"href":"https:\/\/wolkehost.com\/floreriaisis\/wp-json\/wp\/v2\/media?parent=7942"}],"wp:term":[{"taxonomy":"product_brand","embeddable":true,"href":"https:\/\/wolkehost.com\/floreriaisis\/wp-json\/wp\/v2\/product_brand?post=7942"},{"taxonomy":"product_cat","embeddable":true,"href":"https:\/\/wolkehost.com\/floreriaisis\/wp-json\/wp\/v2\/product_cat?post=7942"},{"taxonomy":"product_tag","embeddable":true,"href":"https:\/\/wolkehost.com\/floreriaisis\/wp-json\/wp\/v2\/product_tag?post=7942"}],"curies":[{"name":"wp","href":"https:\/\/api.w.org\/{rel}","templated":true}]}}